{"id":3565,"date":"2019-09-18T10:13:36","date_gmt":"2019-09-18T13:13:36","guid":{"rendered":"http:\/\/camaraadministrador.com.ar\/new\/?page_id=3565"},"modified":"2021-12-15T17:49:18","modified_gmt":"2021-12-15T20:49:18","slug":"historia","status":"publish","type":"page","link":"http:\/\/camaraadministrador.com.ar\/new\/historia\/","title":{"rendered":""},"content":{"rendered":"\r\n<h5 class=\"wp-block-heading\">A partir de su acta fundacional en 1960, la C\u00e1mara de Administradores de Propiedad Horizontal de la Provincia de Buenos Aires ofrece diferentes servicios para alcanzar el bienestar de la comunidad horizontal en su conjunto. Desde Mar del Plata y bajo el amparo del c\u00f3digo civil y comercial, la C\u00e1mara colabora activamente en distintas \u00e1reas de los \u00e1mbitos nacional, provincial y municipal, creciendo en forma constante<\/h5>\r\n","protected":false},"excerpt":{"rendered":"<p>A partir de su acta fundacional en 1960, la C\u00e1mara de Administradores de Propiedad Horizontal de la Provincia de Buenos Aires ofrece diferentes servicios para alcanzar el bienestar de la comunidad horizontal en su conjunto. Desde Mar del Plata y bajo el amparo del c\u00f3digo civil y comercial, la C\u00e1mara colabora activamente en distintas \u00e1reas de los \u00e1mbitos nacional, provincial y municipal, creciendo en forma constante<\/p>\n","protected":false},"author":1,"featured_media":0,"parent":0,"menu_order":0,"comment_status":"closed","ping_status":"closed","template":"","meta":{"footnotes":""},"class_list":["post-3565","page","type-page","status-publish","hentry"],"_links":{"self":[{"href":"http:\/\/camaraadministrador.com.ar\/new\/wp-json\/wp\/v2\/pages\/3565"}],"collection":[{"href":"http:\/\/camaraadministrador.com.ar\/new\/wp-json\/wp\/v2\/pages"}],"about":[{"href":"http:\/\/camaraadministrador.com.ar\/new\/wp-json\/wp\/v2\/types\/page"}],"author":[{"embeddable":true,"href":"http:\/\/camaraadministrador.com.ar\/new\/wp-json\/wp\/v2\/users\/1"}],"replies":[{"embeddable":true,"href":"http:\/\/camaraadministrador.com.ar\/new\/wp-json\/wp\/v2\/comments?post=3565"}],"version-history":[{"count":6,"href":"http:\/\/camaraadministrador.com.ar\/new\/wp-json\/wp\/v2\/pages\/3565\/revisions"}],"predecessor-version":[{"id":4109,"href":"http:\/\/camaraadministrador.com.ar\/new\/wp-json\/wp\/v2\/pages\/3565\/revisions\/4109"}],"wp:attachment":[{"href":"http:\/\/camaraadministrador.com.ar\/new\/wp-json\/wp\/v2\/media?parent=3565"}],"curies":[{"name":"wp","href":"https:\/\/api.w.org\/{rel}","templated":true}]}}