{"id":3588,"date":"2019-09-18T12:23:52","date_gmt":"2019-09-18T15:23:52","guid":{"rendered":"http:\/\/camaraadministrador.com.ar\/new\/?page_id=3588"},"modified":"2024-03-01T11:03:34","modified_gmt":"2024-03-01T14:03:34","slug":"la-camara","status":"publish","type":"page","link":"http:\/\/camaraadministrador.com.ar\/new\/la-camara\/","title":{"rendered":"La C\u00e1mara"},"content":{"rendered":"\t\t<div data-elementor-type=\"wp-page\" data-elementor-id=\"3588\" class=\"elementor elementor-3588\" data-elementor-post-type=\"page\">\n\t\t\t\t\t\t<section class=\"elementor-section elementor-top-section elementor-element elementor-element-a342c61 elementor-section-boxed elementor-section-height-default elementor-section-height-default\" data-id=\"a342c61\" data-element_type=\"section\">\n\t\t\t\t\t\t<div class=\"elementor-container elementor-column-gap-default\">\n\t\t\t\t\t<div class=\"elementor-column elementor-col-100 elementor-top-column elementor-element elementor-element-3cab76f\" data-id=\"3cab76f\" data-element_type=\"column\">\n\t\t\t<div class=\"elementor-widget-wrap elementor-element-populated\">\n\t\t\t\t\t\t<div class=\"elementor-element elementor-element-c9fc22a elementor-widget elementor-widget-heading\" data-id=\"c9fc22a\" data-element_type=\"widget\" data-widget_type=\"heading.default\">\n\t\t\t\t<div class=\"elementor-widget-container\">\n\t\t\t\t\t<h2 class=\"elementor-heading-title elementor-size-default\">Instituci\u00f3n y Autoridades<\/h2>\t\t\t\t<\/div>\n\t\t\t\t<\/div>\n\t\t\t\t<div class=\"elementor-element elementor-element-5606ee7 elementor-widget elementor-widget-text-editor\" data-id=\"5606ee7\" data-element_type=\"widget\" data-widget_type=\"text-editor.default\">\n\t\t\t\t<div class=\"elementor-widget-container\">\n\t\t\t\t\t\t\t\t\t<p><strong>CAPHBA | 1960-2021<\/strong><\/p>\t\t\t\t\t\t\t\t<\/div>\n\t\t\t\t<\/div>\n\t\t\t\t<div class=\"elementor-element elementor-element-932b135 elementor-widget elementor-widget-text-editor\" data-id=\"932b135\" data-element_type=\"widget\" data-widget_type=\"text-editor.default\">\n\t\t\t\t<div class=\"elementor-widget-container\">\n\t\t\t\t\t\t\t\t\t<p><span style=\"font-weight: 400;\">En el marco de una actividad tan firme como tesonera y brindado un servicio a la comunidad y al bienestar com\u00fan puede afirmarse, sin temor a equ\u00edvocos, que en sus m\u00e1s de 50 a\u00f1os de existencia la C\u00e1mara de administradores de Propiedad Horizontal de la Provincia de Buenos Aires ha sido acompa\u00f1ando al crecimiento de la ciudad que la vio nacer al amparo de la Ley 13.512, instrumento legal del cual la C\u00e1mara es celosa guardiana, y a la vez, su raz\u00f3n de ser.<\/span><\/p><p>Pero no solamente ha limitado su accionar a su especialidad institucional, sino que, asumiendo un compromiso comunitario, ha brindado apoyo y colaboraci\u00f3n en distintas \u00e1reas de los \u00e1mbitos nacional, provincial y municipal en el marco de una decidida inserci\u00f3n con claros objetivos alineados en el bien com\u00fan.<\/p><p>Es decir entonces, que a partir de su Acta fundacional, la instituci\u00f3n ha ido creciendo en forma constante y, por lo tanto, yendo mucho mas all\u00e1 del compromiso asumido por los firmantes del documento primigenio, verdaderos visionarios y profetas del devenir marplatense y de su espectacular desarrollo.<\/p><p>Casi 60 a\u00f1os de duro trabajo y empecinada lucha, con momentos buenos y de los otros, pero siempre manteniendo en alto los principios fundacionales, principios que a\u00fan pueden leerse en la amarillenta Acta de aquel lejano 8 de Agosto de 1960, fecha formal del nacimiento de la C\u00e1mara.<\/p>\t\t\t\t\t\t\t\t<\/div>\n\t\t\t\t<\/div>\n\t\t\t\t<div class=\"elementor-element elementor-element-e480ae3 elementor-widget elementor-widget-heading\" data-id=\"e480ae3\" data-element_type=\"widget\" data-widget_type=\"heading.default\">\n\t\t\t\t<div class=\"elementor-widget-container\">\n\t\t\t\t\t<h2 class=\"elementor-heading-title elementor-size-default\">Comisi\u00f3n Directiva<\/h2>\t\t\t\t<\/div>\n\t\t\t\t<\/div>\n\t\t\t\t<div class=\"elementor-element elementor-element-a736f57 elementor-widget elementor-widget-text-editor\" data-id=\"a736f57\" data-element_type=\"widget\" data-widget_type=\"text-editor.default\">\n\t\t\t\t<div class=\"elementor-widget-container\">\n\t\t\t\t\t\t\t\t\t<p><strong>Presidente:<\/strong> Daniel A. Echevarria<br \/><strong>Vicepresidente:<\/strong> Carne, Silvina<br \/><strong>Secretario General:<\/strong> Bernardo Giles<br \/><strong>Secretario de Actas:<\/strong> Echeverr\u00eda, Mar\u00eda<br \/><strong>Primer Vocal Titular:<\/strong> Montes, Daniel<br \/><strong>Segundo Vocal Titular:<\/strong> Andr\u00e9s Ram\u00edrez<br \/><strong>Primer Vocal Suplente:<\/strong> Ram\u00edrez, Andr\u00e9s<br \/><strong>Segundo Vocal Suplente:<\/strong> Mazzitelli, Rub\u00e9n<\/p><p><strong>TRIBUNAL DE DISCIPLINA<\/strong><br \/>Titulares:<br \/>Duhalde, Horacio \/ Brescia, Mar\u00eda \/ Rodr\u00edguez Bauzada, Juan Manuel\u00a0 \u00a0\u00a0<\/p><p>Suplentes:<br \/>Giromini, Nicol\u00e1s \/ Alvarez, Leandro \/ Garri, Omar<\/p><p><b>COMISI\u00d3N REVISORA DE CUENTAS<\/b><br \/>Amado, Nancy \/ Depaoli, Jorge \/ Herms, Ricardo<\/p>\t\t\t\t\t\t\t\t<\/div>\n\t\t\t\t<\/div>\n\t\t\t\t\t<\/div>\n\t\t<\/div>\n\t\t\t\t\t<\/div>\n\t\t<\/section>\n\t\t\t\t<\/div>\n\t\t","protected":false},"excerpt":{"rendered":"<p>Instituci\u00f3n y Autoridades CAPHBA | 1960-2021 En el marco de una actividad tan firme como tesonera y brindado un servicio a la comunidad y al bienestar com\u00fan puede afirmarse, sin temor a equ\u00edvocos, que en sus m\u00e1s de 50 a\u00f1os de existencia la C\u00e1mara de administradores de Propiedad Horizontal de la Provincia de Buenos Aires ha sido acompa\u00f1ando al crecimiento de la ciudad que la vio nacer al amparo de la Ley 13.512, instrumento legal del cual la C\u00e1mara es&hellip;<\/p>\n","protected":false},"author":1,"featured_media":0,"parent":0,"menu_order":0,"comment_status":"closed","ping_status":"closed","template":"","meta":{"footnotes":""},"class_list":["post-3588","page","type-page","status-publish","hentry"],"_links":{"self":[{"href":"http:\/\/camaraadministrador.com.ar\/new\/wp-json\/wp\/v2\/pages\/3588"}],"collection":[{"href":"http:\/\/camaraadministrador.com.ar\/new\/wp-json\/wp\/v2\/pages"}],"about":[{"href":"http:\/\/camaraadministrador.com.ar\/new\/wp-json\/wp\/v2\/types\/page"}],"author":[{"embeddable":true,"href":"http:\/\/camaraadministrador.com.ar\/new\/wp-json\/wp\/v2\/users\/1"}],"replies":[{"embeddable":true,"href":"http:\/\/camaraadministrador.com.ar\/new\/wp-json\/wp\/v2\/comments?post=3588"}],"version-history":[{"count":20,"href":"http:\/\/camaraadministrador.com.ar\/new\/wp-json\/wp\/v2\/pages\/3588\/revisions"}],"predecessor-version":[{"id":4459,"href":"http:\/\/camaraadministrador.com.ar\/new\/wp-json\/wp\/v2\/pages\/3588\/revisions\/4459"}],"wp:attachment":[{"href":"http:\/\/camaraadministrador.com.ar\/new\/wp-json\/wp\/v2\/media?parent=3588"}],"curies":[{"name":"wp","href":"https:\/\/api.w.org\/{rel}","templated":true}]}}